{"id":3417,"date":"2024-09-05T05:34:10","date_gmt":"2024-09-05T05:34:10","guid":{"rendered":"https:\/\/rokultur.lu\/?page_id=3417"},"modified":"2024-11-12T07:36:01","modified_gmt":"2024-11-12T07:36:01","slug":"despre-noi","status":"publish","type":"page","link":"https:\/\/www.rokultur.lu\/en\/despre-noi\/","title":{"rendered":"About us"},"content":{"rendered":"<div data-elementor-type=\"wp-page\" data-elementor-id=\"3417\" class=\"elementor elementor-3417\" data-elementor-post-type=\"page\">\n\t\t\t\t<div class=\"elementor-element elementor-element-8604103 e-flex e-con-boxed e-con e-parent\" data-id=\"8604103\" data-element_type=\"container\" data-settings=\"{&quot;background_background&quot;:&quot;gradient&quot;,&quot;content_width&quot;:&quot;boxed&quot;}\" data-core-v316-plus=\"true\">\n\t\t\t\t\t<div class=\"e-con-inner\">\n\t\t<div class=\"elementor-element elementor-element-26ae9e9 e-con-full e-flex e-con e-child\" data-id=\"26ae9e9\" data-element_type=\"container\" data-settings=\"{&quot;content_width&quot;:&quot;full&quot;}\">\n\t\t\t\t<div class=\"elementor-element elementor-element-f61afc0 elementor-widget elementor-widget-text-editor\" data-id=\"f61afc0\" data-element_type=\"widget\" data-widget_type=\"text-editor.default\">\n\t\t\t\t<div class=\"elementor-widget-container\">\n\t\t\t<style>\/*! elementor - v3.19.0 - 28-02-2024 *\/\n.elementor-widget-text-editor.elementor-drop-cap-view-stacked .elementor-drop-cap{background-color:#69727d;color:#fff}.elementor-widget-text-editor.elementor-drop-cap-view-framed .elementor-drop-cap{color:#69727d;border:3px solid;background-color:transparent}.elementor-widget-text-editor:not(.elementor-drop-cap-view-default) .elementor-drop-cap{margin-top:8px}.elementor-widget-text-editor:not(.elementor-drop-cap-view-default) .elementor-drop-cap-letter{width:1em;height:1em}.elementor-widget-text-editor .elementor-drop-cap{float:left;text-align:center;line-height:1;font-size:50px}.elementor-widget-text-editor .elementor-drop-cap-letter{display:inline-block}<\/style>\t\t\t\t<p>We are a group of friends who want to promote beautiful Romania and gather the Romanian community in the Grand Duchy of Luxembourg and the Great Region around stories that represent us, bring joy and create a place where we feel at home. Moreover, we want to promote the well-known historical links that exist between Romania and Luxembourg and to rediscover together the lesser known ones, so that the Luxembourgish community feels welcome at the events we organize.<\/p>\n<p>Whether it is about the history we did not study in school, whether it is about theatre, meetings with people from whom we have something to learn and whom we are dear to listen to, exhibitions or workshops, all this creates bridges between people.<\/p>\n<p><strong>Our mission<\/strong>&nbsp;is to create connections, a sense of belonging, and to offer learning experiences through creative cultural activities both to the Romanian or Romanian-speaking public and to other communities in the Greater Region. Everything we do brings us joy and we try to give it away.<\/p>\n<p><strong>Our values<\/strong>&nbsp;they are respect for the people and places that host us, inclusion, solidarity. We strongly believe in the associative spirit and the desire to get involved. We welcome with open arms all those who wish to join us and help us. Promoting fair trade and responsible use of natural resources<\/p>\n<p><br><\/p>\n<p><b>RoKultur asbl<\/b><\/p>\n<p><a href=\"https:\/\/www.rokultur.lu\/wp-content\/uploads\/2024\/11\/Statut-Rokultur.pdf\" target=\"_blank\">Status<\/a><\/p><p>contact@rokultur.lu<\/p><div><span style=\"color: var( --e-global-color-text ); font-size: 1.1rem; text-align: var(--text-align); background-color: transparent;\">IBAN: LU07 0019 7355 9470 6000<\/span><\/div>\n<p><br><\/p>\t\t\t\t\t\t<\/div>\n\t\t\t\t<\/div>\n\t\t\t\t<\/div>\n\t\t<div class=\"elementor-element elementor-element-ef637be e-con-full e-flex e-con e-child\" data-id=\"ef637be\" data-element_type=\"container\" data-settings=\"{&quot;content_width&quot;:&quot;full&quot;}\">\n\t\t\t\t<div class=\"elementor-element elementor-element-ee933d9 gallery-spacing-custom elementor-widget elementor-widget-image-gallery\" data-id=\"ee933d9\" data-element_type=\"widget\" data-widget_type=\"image-gallery.default\">\n\t\t\t\t<div class=\"elementor-widget-container\">\n\t\t\t<style>\/*! elementor - v3.19.0 - 28-02-2024 *\/\n.elementor-image-gallery .gallery-item{display:inline-block;text-align:center;vertical-align:top;width:100%;max-width:100%;margin:0 auto}.elementor-image-gallery .gallery-item img{margin:0 auto}.elementor-image-gallery .gallery-item .gallery-caption{margin:0}.elementor-image-gallery figure img{display:block}.elementor-image-gallery figure figcaption{width:100%}.gallery-spacing-custom .elementor-image-gallery .gallery-icon{padding:0}@media (min-width:768px){.elementor-image-gallery .gallery-columns-2 .gallery-item{max-width:50%}.elementor-image-gallery .gallery-columns-3 .gallery-item{max-width:33.33%}.elementor-image-gallery .gallery-columns-4 .gallery-item{max-width:25%}.elementor-image-gallery .gallery-columns-5 .gallery-item{max-width:20%}.elementor-image-gallery .gallery-columns-6 .gallery-item{max-width:16.666%}.elementor-image-gallery .gallery-columns-7 .gallery-item{max-width:14.28%}.elementor-image-gallery .gallery-columns-8 .gallery-item{max-width:12.5%}.elementor-image-gallery .gallery-columns-9 .gallery-item{max-width:11.11%}.elementor-image-gallery .gallery-columns-10 .gallery-item{max-width:10%}}@media (min-width:480px) and (max-width:767px){.elementor-image-gallery .gallery.gallery-columns-2 .gallery-item,.elementor-image-gallery .gallery.gallery-columns-3 .gallery-item,.elementor-image-gallery .gallery.gallery-columns-4 .gallery-item,.elementor-image-gallery .gallery.gallery-columns-5 .gallery-item,.elementor-image-gallery .gallery.gallery-columns-6 .gallery-item,.elementor-image-gallery .gallery.gallery-columns-7 .gallery-item,.elementor-image-gallery .gallery.gallery-columns-8 .gallery-item,.elementor-image-gallery .gallery.gallery-columns-9 .gallery-item,.elementor-image-gallery .gallery.gallery-columns-10 .gallery-item{max-width:50%}}@media (max-width:479px){.elementor-image-gallery .gallery.gallery-columns-2 .gallery-item,.elementor-image-gallery .gallery.gallery-columns-3 .gallery-item,.elementor-image-gallery .gallery.gallery-columns-4 .gallery-item,.elementor-image-gallery .gallery.gallery-columns-5 .gallery-item,.elementor-image-gallery .gallery.gallery-columns-6 .gallery-item,.elementor-image-gallery .gallery.gallery-columns-7 .gallery-item,.elementor-image-gallery .gallery.gallery-columns-8 .gallery-item,.elementor-image-gallery .gallery.gallery-columns-9 .gallery-item,.elementor-image-gallery .gallery.gallery-columns-10 .gallery-item{max-width:100%}}<\/style>\t\t<div class=\"elementor-image-gallery\">\n\t\t\t<div id='gallery-1' class='gallery galleryid-3417 gallery-columns-2 gallery-size-medium_large'><figure class='gallery-item'>\n\t\t\t<div class='gallery-icon landscape'>\n\t\t\t\t<a data-elementor-open-lightbox=\"yes\" data-elementor-lightbox-slideshow=\"ee933d9\" data-elementor-lightbox-title=\"\u201dZiua na\u021bional\u0103 \u0219i s\u0103rb\u0103torile de iarn\u0103 \u00een Rom\u00e2nia de odinioar\u0103\u201d cu Anita Sterea, 2023\" data-e-action-hash=\"#elementor-action%3Aaction%3Dlightbox%26settings%3DeyJpZCI6MzQ3OSwidXJsIjoiaHR0cHM6XC9cL3d3dy5yb2t1bHR1ci5sdVwvd3AtY29udGVudFwvdXBsb2Fkc1wvMjAyNFwvMTBcLzIwMjMtQW5pdGEtU3RlcmVhLTA1LmpwZyIsInNsaWRlc2hvdyI6ImVlOTMzZDkifQ%3D%3D\" href='https:\/\/www.rokultur.lu\/wp-content\/uploads\/2024\/10\/2023-Anita-Sterea-05.jpg'><img fetchpriority=\"high\" decoding=\"async\" width=\"768\" height=\"609\" src=\"https:\/\/www.rokultur.lu\/wp-content\/uploads\/2024\/10\/2023-Anita-Sterea-05-768x609.jpg\" class=\"attachment-medium_large size-medium_large\" alt=\"\" aria-describedby=\"gallery-1-3479\" srcset=\"https:\/\/www.rokultur.lu\/wp-content\/uploads\/2024\/10\/2023-Anita-Sterea-05-768x609.jpg 768w, https:\/\/www.rokultur.lu\/wp-content\/uploads\/2024\/10\/2023-Anita-Sterea-05-300x238.jpg 300w, https:\/\/www.rokultur.lu\/wp-content\/uploads\/2024\/10\/2023-Anita-Sterea-05-1024x812.jpg 1024w, https:\/\/www.rokultur.lu\/wp-content\/uploads\/2024\/10\/2023-Anita-Sterea-05-1536x1218.jpg 1536w, https:\/\/www.rokultur.lu\/wp-content\/uploads\/2024\/10\/2023-Anita-Sterea-05-15x12.jpg 15w, https:\/\/www.rokultur.lu\/wp-content\/uploads\/2024\/10\/2023-Anita-Sterea-05.jpg 1920w\" sizes=\"(max-width: 768px) 100vw, 768px\" \/><\/a>\n\t\t\t<\/div>\n\t\t\t\t<figcaption class='wp-caption-text gallery-caption' id='gallery-1-3479'>\n\t\t\t\t\u2018National Day and Winter Holidays in Romania of old\u2019 with Anita Sterea, 2023\n\t\t\t\t<\/figcaption><\/figure><figure class='gallery-item'>\n\t\t\t<div class='gallery-icon landscape'>\n\t\t\t\t<a data-elementor-open-lightbox=\"yes\" data-elementor-lightbox-slideshow=\"ee933d9\" data-elementor-lightbox-title=\"Zilele Europene ale Patrimoniului 2023 - ateliere de broderie\" data-e-action-hash=\"#elementor-action%3Aaction%3Dlightbox%26settings%3DeyJpZCI6MzQ4NSwidXJsIjoiaHR0cHM6XC9cL3d3dy5yb2t1bHR1ci5sdVwvd3AtY29udGVudFwvdXBsb2Fkc1wvMjAyNFwvMTBcL0pvdXJuZWVzLWV1cm9wZWVubmVzLWR1LXBhdHJpbW9pbmUtMTMuanBnIiwic2xpZGVzaG93IjoiZWU5MzNkOSJ9\" href='https:\/\/www.rokultur.lu\/wp-content\/uploads\/2024\/10\/Journees-europeennes-du-patrimoine-13.jpg'><img decoding=\"async\" width=\"768\" height=\"512\" src=\"https:\/\/www.rokultur.lu\/wp-content\/uploads\/2024\/10\/Journees-europeennes-du-patrimoine-13-768x512.jpg\" class=\"attachment-medium_large size-medium_large\" alt=\"\" aria-describedby=\"gallery-1-3485\" srcset=\"https:\/\/www.rokultur.lu\/wp-content\/uploads\/2024\/10\/Journees-europeennes-du-patrimoine-13-768x512.jpg 768w, https:\/\/www.rokultur.lu\/wp-content\/uploads\/2024\/10\/Journees-europeennes-du-patrimoine-13-300x200.jpg 300w, https:\/\/www.rokultur.lu\/wp-content\/uploads\/2024\/10\/Journees-europeennes-du-patrimoine-13-1024x683.jpg 1024w, https:\/\/www.rokultur.lu\/wp-content\/uploads\/2024\/10\/Journees-europeennes-du-patrimoine-13-1536x1024.jpg 1536w, https:\/\/www.rokultur.lu\/wp-content\/uploads\/2024\/10\/Journees-europeennes-du-patrimoine-13-18x12.jpg 18w, https:\/\/www.rokultur.lu\/wp-content\/uploads\/2024\/10\/Journees-europeennes-du-patrimoine-13.jpg 1920w\" sizes=\"(max-width: 768px) 100vw, 768px\" \/><\/a>\n\t\t\t<\/div>\n\t\t\t\t<figcaption class='wp-caption-text gallery-caption' id='gallery-1-3485'>\n\t\t\t\t European Heritage Days 2023 \u2013 embroidery workshops\n\t\t\t\t<\/figcaption><\/figure><figure class='gallery-item'>\n\t\t\t<div class='gallery-icon landscape'>\n\t\t\t\t<a data-elementor-open-lightbox=\"yes\" data-elementor-lightbox-slideshow=\"ee933d9\" data-elementor-lightbox-title=\"Lansarea RoKultur, cu \u201dZestrea - Art\u0103 veche \u0219i podoabe\u201d - septembrie 2023\" data-e-action-hash=\"#elementor-action%3Aaction%3Dlightbox%26settings%3DeyJpZCI6MzQ4MCwidXJsIjoiaHR0cHM6XC9cL3d3dy5yb2t1bHR1ci5sdVwvd3AtY29udGVudFwvdXBsb2Fkc1wvMjAyNFwvMTBcLzIwMjMtTGFuc2FyZS1Sb0t1bHR1ci0wMS5qcGciLCJzbGlkZXNob3ciOiJlZTkzM2Q5In0%3D\" href='https:\/\/www.rokultur.lu\/wp-content\/uploads\/2024\/10\/2023-Lansare-RoKultur-01.jpg'><img decoding=\"async\" width=\"768\" height=\"542\" src=\"https:\/\/www.rokultur.lu\/wp-content\/uploads\/2024\/10\/2023-Lansare-RoKultur-01-768x542.jpg\" class=\"attachment-medium_large size-medium_large\" alt=\"\" aria-describedby=\"gallery-1-3480\" srcset=\"https:\/\/www.rokultur.lu\/wp-content\/uploads\/2024\/10\/2023-Lansare-RoKultur-01-768x542.jpg 768w, https:\/\/www.rokultur.lu\/wp-content\/uploads\/2024\/10\/2023-Lansare-RoKultur-01-300x212.jpg 300w, https:\/\/www.rokultur.lu\/wp-content\/uploads\/2024\/10\/2023-Lansare-RoKultur-01-1024x723.jpg 1024w, https:\/\/www.rokultur.lu\/wp-content\/uploads\/2024\/10\/2023-Lansare-RoKultur-01-1536x1085.jpg 1536w, https:\/\/www.rokultur.lu\/wp-content\/uploads\/2024\/10\/2023-Lansare-RoKultur-01-18x12.jpg 18w, https:\/\/www.rokultur.lu\/wp-content\/uploads\/2024\/10\/2023-Lansare-RoKultur-01.jpg 1920w\" sizes=\"(max-width: 768px) 100vw, 768px\" \/><\/a>\n\t\t\t<\/div>\n\t\t\t\t<figcaption class='wp-caption-text gallery-caption' id='gallery-1-3480'>\n\t\t\t\tLaunch of RoKultur with \"Dower - Old Art and Adornments\" \u2013 September 2023\n\t\t\t\t<\/figcaption><\/figure><figure class='gallery-item'>\n\t\t\t<div class='gallery-icon landscape'>\n\t\t\t\t<a data-elementor-open-lightbox=\"yes\" data-elementor-lightbox-slideshow=\"ee933d9\" data-elementor-lightbox-title=\"\u00cent\u00e2lnire cu Oana Pellea \u00een Luxemburg, 2023\" data-e-action-hash=\"#elementor-action%3Aaction%3Dlightbox%26settings%3DeyJpZCI6MzQ4MSwidXJsIjoiaHR0cHM6XC9cL3d3dy5yb2t1bHR1ci5sdVwvd3AtY29udGVudFwvdXBsb2Fkc1wvMjAyNFwvMTBcLzIwMjMtT2FuYS1QZWxsZWEtMDMuanBnIiwic2xpZGVzaG93IjoiZWU5MzNkOSJ9\" href='https:\/\/www.rokultur.lu\/wp-content\/uploads\/2024\/10\/2023-Oana-Pellea-03.jpg'><img loading=\"lazy\" decoding=\"async\" width=\"768\" height=\"594\" src=\"https:\/\/www.rokultur.lu\/wp-content\/uploads\/2024\/10\/2023-Oana-Pellea-03-768x594.jpg\" class=\"attachment-medium_large size-medium_large\" alt=\"\" aria-describedby=\"gallery-1-3481\" srcset=\"https:\/\/www.rokultur.lu\/wp-content\/uploads\/2024\/10\/2023-Oana-Pellea-03-768x594.jpg 768w, https:\/\/www.rokultur.lu\/wp-content\/uploads\/2024\/10\/2023-Oana-Pellea-03-300x232.jpg 300w, https:\/\/www.rokultur.lu\/wp-content\/uploads\/2024\/10\/2023-Oana-Pellea-03-1024x791.jpg 1024w, https:\/\/www.rokultur.lu\/wp-content\/uploads\/2024\/10\/2023-Oana-Pellea-03-1536x1187.jpg 1536w, https:\/\/www.rokultur.lu\/wp-content\/uploads\/2024\/10\/2023-Oana-Pellea-03-16x12.jpg 16w, https:\/\/www.rokultur.lu\/wp-content\/uploads\/2024\/10\/2023-Oana-Pellea-03.jpg 1920w\" sizes=\"(max-width: 768px) 100vw, 768px\" \/><\/a>\n\t\t\t<\/div>\n\t\t\t\t<figcaption class='wp-caption-text gallery-caption' id='gallery-1-3481'>\n\t\t\t\tMeeting with Oana Pellea in Luxembourg, 2023\n\t\t\t\t<\/figcaption><\/figure><figure class='gallery-item'>\n\t\t\t<div class='gallery-icon landscape'>\n\t\t\t\t<a data-elementor-open-lightbox=\"yes\" data-elementor-lightbox-slideshow=\"ee933d9\" data-elementor-lightbox-title=\"\u00cent\u00e2lnire cu Ana Blandiana \u00een Luxemburg, 2024\" data-e-action-hash=\"#elementor-action%3Aaction%3Dlightbox%26settings%3DeyJpZCI6MzQ4MiwidXJsIjoiaHR0cHM6XC9cL3d3dy5yb2t1bHR1ci5sdVwvd3AtY29udGVudFwvdXBsb2Fkc1wvMjAyNFwvMTBcLzIwMjQtQW5hLUJsYW5kaWFuYS0wMS5qcGciLCJzbGlkZXNob3ciOiJlZTkzM2Q5In0%3D\" href='https:\/\/www.rokultur.lu\/wp-content\/uploads\/2024\/10\/2024-Ana-Blandiana-01.jpg'><img loading=\"lazy\" decoding=\"async\" width=\"768\" height=\"512\" src=\"https:\/\/www.rokultur.lu\/wp-content\/uploads\/2024\/10\/2024-Ana-Blandiana-01-768x512.jpg\" class=\"attachment-medium_large size-medium_large\" alt=\"\" aria-describedby=\"gallery-1-3482\" srcset=\"https:\/\/www.rokultur.lu\/wp-content\/uploads\/2024\/10\/2024-Ana-Blandiana-01-768x512.jpg 768w, https:\/\/www.rokultur.lu\/wp-content\/uploads\/2024\/10\/2024-Ana-Blandiana-01-300x200.jpg 300w, https:\/\/www.rokultur.lu\/wp-content\/uploads\/2024\/10\/2024-Ana-Blandiana-01-1024x683.jpg 1024w, https:\/\/www.rokultur.lu\/wp-content\/uploads\/2024\/10\/2024-Ana-Blandiana-01-1536x1024.jpg 1536w, https:\/\/www.rokultur.lu\/wp-content\/uploads\/2024\/10\/2024-Ana-Blandiana-01-18x12.jpg 18w, https:\/\/www.rokultur.lu\/wp-content\/uploads\/2024\/10\/2024-Ana-Blandiana-01.jpg 1920w\" sizes=\"(max-width: 768px) 100vw, 768px\" \/><\/a>\n\t\t\t<\/div>\n\t\t\t\t<figcaption class='wp-caption-text gallery-caption' id='gallery-1-3482'>\n\t\t\t\tMeeting with Ana Blandiana in Luxembourg, 2024\n\t\t\t\t<\/figcaption><\/figure><figure class='gallery-item'>\n\t\t\t<div class='gallery-icon landscape'>\n\t\t\t\t<a data-elementor-open-lightbox=\"yes\" data-elementor-lightbox-slideshow=\"ee933d9\" data-elementor-lightbox-title=\"\u201dPulsul fizicii\u201d cu Cristi Presur\u0103, 2024\" data-e-action-hash=\"#elementor-action%3Aaction%3Dlightbox%26settings%3DeyJpZCI6MzQ4NCwidXJsIjoiaHR0cHM6XC9cL3d3dy5yb2t1bHR1ci5sdVwvd3AtY29udGVudFwvdXBsb2Fkc1wvMjAyNFwvMTBcLzIwMjQtUHVsc3VsLWZpemljaWktMDcuanBnIiwic2xpZGVzaG93IjoiZWU5MzNkOSJ9\" href='https:\/\/www.rokultur.lu\/wp-content\/uploads\/2024\/10\/2024-Pulsul-fizicii-07.jpg'><img loading=\"lazy\" decoding=\"async\" width=\"768\" height=\"512\" src=\"https:\/\/www.rokultur.lu\/wp-content\/uploads\/2024\/10\/2024-Pulsul-fizicii-07-768x512.jpg\" class=\"attachment-medium_large size-medium_large\" alt=\"\" aria-describedby=\"gallery-1-3484\" srcset=\"https:\/\/www.rokultur.lu\/wp-content\/uploads\/2024\/10\/2024-Pulsul-fizicii-07-768x512.jpg 768w, https:\/\/www.rokultur.lu\/wp-content\/uploads\/2024\/10\/2024-Pulsul-fizicii-07-300x200.jpg 300w, https:\/\/www.rokultur.lu\/wp-content\/uploads\/2024\/10\/2024-Pulsul-fizicii-07-1024x683.jpg 1024w, https:\/\/www.rokultur.lu\/wp-content\/uploads\/2024\/10\/2024-Pulsul-fizicii-07-1536x1024.jpg 1536w, https:\/\/www.rokultur.lu\/wp-content\/uploads\/2024\/10\/2024-Pulsul-fizicii-07-18x12.jpg 18w, https:\/\/www.rokultur.lu\/wp-content\/uploads\/2024\/10\/2024-Pulsul-fizicii-07.jpg 1920w\" sizes=\"(max-width: 768px) 100vw, 768px\" \/><\/a>\n\t\t\t<\/div>\n\t\t\t\t<figcaption class='wp-caption-text gallery-caption' id='gallery-1-3484'>\n\t\t\t\tPulse of Physics with Cristi Presur\u0103, 2024\n\t\t\t\t<\/figcaption><\/figure><figure class='gallery-item'>\n\t\t\t<div class='gallery-icon landscape'>\n\t\t\t\t<a data-elementor-open-lightbox=\"yes\" data-elementor-lightbox-slideshow=\"ee933d9\" data-elementor-lightbox-title=\"\u201dModa rom\u00e2neasc\u0103 - o poveste \u00een inima Europei\u201d cu Raluca Partenie, 2024\" data-e-action-hash=\"#elementor-action%3Aaction%3Dlightbox%26settings%3DeyJpZCI6MzQ4MywidXJsIjoiaHR0cHM6XC9cL3d3dy5yb2t1bHR1ci5sdVwvd3AtY29udGVudFwvdXBsb2Fkc1wvMjAyNFwvMTBcLzIwMjQtSXN0b3JpYS1tb2RlaS0yMC5qcGciLCJzbGlkZXNob3ciOiJlZTkzM2Q5In0%3D\" href='https:\/\/www.rokultur.lu\/wp-content\/uploads\/2024\/10\/2024-Istoria-modei-20.jpg'><img loading=\"lazy\" decoding=\"async\" width=\"768\" height=\"512\" src=\"https:\/\/www.rokultur.lu\/wp-content\/uploads\/2024\/10\/2024-Istoria-modei-20-768x512.jpg\" class=\"attachment-medium_large size-medium_large\" alt=\"\" aria-describedby=\"gallery-1-3483\" srcset=\"https:\/\/www.rokultur.lu\/wp-content\/uploads\/2024\/10\/2024-Istoria-modei-20-768x512.jpg 768w, https:\/\/www.rokultur.lu\/wp-content\/uploads\/2024\/10\/2024-Istoria-modei-20-300x200.jpg 300w, https:\/\/www.rokultur.lu\/wp-content\/uploads\/2024\/10\/2024-Istoria-modei-20-1024x683.jpg 1024w, https:\/\/www.rokultur.lu\/wp-content\/uploads\/2024\/10\/2024-Istoria-modei-20-1536x1024.jpg 1536w, https:\/\/www.rokultur.lu\/wp-content\/uploads\/2024\/10\/2024-Istoria-modei-20-18x12.jpg 18w, https:\/\/www.rokultur.lu\/wp-content\/uploads\/2024\/10\/2024-Istoria-modei-20.jpg 1920w\" sizes=\"(max-width: 768px) 100vw, 768px\" \/><\/a>\n\t\t\t<\/div>\n\t\t\t\t<figcaption class='wp-caption-text gallery-caption' id='gallery-1-3483'>\n\t\t\t\t\"Romanian fashion \u2013 a story at the heart of Europe\" with Raluca Partenie, 2024\n\t\t\t\t<\/figcaption><\/figure>\n\t\t<\/div>\n\t\t<\/div>\n\t\t\t\t<\/div>\n\t\t\t\t<\/div>\n\t\t\t\t<\/div>\n\t\t\t\t\t<\/div>\n\t\t\t\t<\/div>\n\t\t\t\t<\/div>","protected":false},"excerpt":{"rendered":"<p>We are a group of friends who want to promote beautiful Romania and gather the Romanian community in the Grand Duchy of Luxembourg and the Great Region around stories that represent us, bring joy and create a place where we feel at home. Moreover, we want to promote the well-known historical links [...]<\/p>","protected":false},"author":1,"featured_media":0,"parent":0,"menu_order":0,"comment_status":"closed","ping_status":"closed","template":"","meta":{"_seopress_robots_primary_cat":"","_seopress_titles_title":"","_seopress_titles_desc":"","_seopress_robots_index":"","footnotes":""},"class_list":["post-3417","page","type-page","status-publish","hentry"],"_links":{"self":[{"href":"https:\/\/www.rokultur.lu\/en\/wp-json\/wp\/v2\/pages\/3417","targetHints":{"allow":["GET"]}}],"collection":[{"href":"https:\/\/www.rokultur.lu\/en\/wp-json\/wp\/v2\/pages"}],"about":[{"href":"https:\/\/www.rokultur.lu\/en\/wp-json\/wp\/v2\/types\/page"}],"author":[{"embeddable":true,"href":"https:\/\/www.rokultur.lu\/en\/wp-json\/wp\/v2\/users\/1"}],"replies":[{"embeddable":true,"href":"https:\/\/www.rokultur.lu\/en\/wp-json\/wp\/v2\/comments?post=3417"}],"version-history":[{"count":31,"href":"https:\/\/www.rokultur.lu\/en\/wp-json\/wp\/v2\/pages\/3417\/revisions"}],"predecessor-version":[{"id":3649,"href":"https:\/\/www.rokultur.lu\/en\/wp-json\/wp\/v2\/pages\/3417\/revisions\/3649"}],"wp:attachment":[{"href":"https:\/\/www.rokultur.lu\/en\/wp-json\/wp\/v2\/media?parent=3417"}],"curies":[{"name":"wp","href":"https:\/\/api.w.org\/{rel}","templated":true}]}}